{"id":788,"date":"2018-03-01T16:11:31","date_gmt":"2018-03-01T15:11:31","guid":{"rendered":"http:\/\/dinnershow-riverboat.de\/?page_id=788"},"modified":"2025-10-21T15:22:43","modified_gmt":"2025-10-21T13:22:43","slug":"beispiel-seite-2","status":"publish","type":"page","link":"https:\/\/dinnershow-riverboat.de\/?page_id=788","title":{"rendered":"Silvester im Riverboat"},"content":{"rendered":"<p><img decoding=\"async\" loading=\"lazy\" class=\"aligncenter wp-image-555 size-full\" src=\"https:\/\/dinnershow-riverboat.de\/wp-content\/uploads\/2018\/02\/slider1.jpg\" alt=\"\" width=\"1920\" height=\"580\" srcset=\"https:\/\/dinnershow-riverboat.de\/wp-content\/uploads\/2018\/02\/slider1.jpg 1920w, https:\/\/dinnershow-riverboat.de\/wp-content\/uploads\/2018\/02\/slider1-300x91.jpg 300w, https:\/\/dinnershow-riverboat.de\/wp-content\/uploads\/2018\/02\/slider1-768x232.jpg 768w, https:\/\/dinnershow-riverboat.de\/wp-content\/uploads\/2018\/02\/slider1-1024x309.jpg 1024w, https:\/\/dinnershow-riverboat.de\/wp-content\/uploads\/2018\/02\/slider1-150x45.jpg 150w\" sizes=\"(max-width: 1920px) 100vw, 1920px\" \/><\/p>\n<p>Allj\u00e4hrlich verabschiedet sich das alte Jahr mit m\u00e4chtig viel L\u00e4rm. Wir haben uns f\u00fcr die entspannte Variante entschieden und laden ein zu einem niveauvollen Abend, angef\u00fcllt mit jeder Menge Musik. Dabei entf\u00fchren wir Sie in die Glanz- und Glimmerwelt der vergangenen Musical-Jahrzehnte. F\u00fcr die Zwischent\u00f6ne sorgt der Leipziger Pianist Florian Zahner.<\/p>\n<p>Die gastronomische Betreuung erfolgt als Getr\u00e4nkeservice am Tisch. Vor der Show ist ein festliches 3-G\u00e4nge-Men\u00fc im angrenzenden Bistro buchbar. Zur Mitternacht bereiten wir einen Snack vor.<\/p>\n<p>Sichern Sie sich rechtzeitig Tickets zum Fr\u00fchbucherpreis.<\/p>\n<p>Einlass: 19:00 Uhr \u2022 Beginn: 20:00 Uhr \u2022 Ende: ca. 22:00 Uhr \u2022 anschlie\u00dfend Feier ins neue Jahr<\/p>\n<a href=\"https:\/\/dinnershow-riverboat.de\/?page_id=9760\" class=\"su-button su-button-style-soft\" style=\"color:#FFFFFF;background-color:#261064;border-color:#1f0d50;border-radius:0px\" target=\"_self\"><span style=\"color:#FFFFFF;padding:6px 18px;font-size:14px;line-height:21px;border-color:#685893;border-radius:0px;text-shadow:0px 0px 0px #000000\"><i class=\"sui sui-ticket\" style=\"font-size:14px;color:#FFFFFF\"><\/i> Tickets<\/span><\/a>\n","protected":false},"excerpt":{"rendered":"<p>Allj\u00e4hrlich verabschiedet sich das alte Jahr mit m\u00e4chtig viel L\u00e4rm. Wir haben uns f\u00fcr die entspannte Variante entschieden und laden ein zu einem niveauvollen Abend, angef\u00fcllt mit jeder Menge Musik. Dabei entf\u00fchren wir Sie in die Glanz- und Glimmerwelt der vergangenen Musical-Jahrzehnte. F\u00fcr die Zwischent\u00f6ne sorgt der Leipziger Pianist Florian\u2026<\/p>\n<p> <a class=\"continue-reading-link\" href=\"https:\/\/dinnershow-riverboat.de\/?page_id=788\"><span>Continue reading<\/span><i class=\"crycon-right-dir\"><\/i><\/a> <\/p>\n","protected":false},"author":1,"featured_media":0,"parent":0,"menu_order":0,"comment_status":"closed","ping_status":"closed","template":"templates\/template-onecolumn.php","meta":[],"publishpress_future_action":{"enabled":false,"date":"2026-05-22 14:49:25","action":"change-status","newStatus":"draft","terms":[],"taxonomy":""},"_links":{"self":[{"href":"https:\/\/dinnershow-riverboat.de\/index.php?rest_route=\/wp\/v2\/pages\/788"}],"collection":[{"href":"https:\/\/dinnershow-riverboat.de\/index.php?rest_route=\/wp\/v2\/pages"}],"about":[{"href":"https:\/\/dinnershow-riverboat.de\/index.php?rest_route=\/wp\/v2\/types\/page"}],"author":[{"embeddable":true,"href":"https:\/\/dinnershow-riverboat.de\/index.php?rest_route=\/wp\/v2\/users\/1"}],"replies":[{"embeddable":true,"href":"https:\/\/dinnershow-riverboat.de\/index.php?rest_route=%2Fwp%2Fv2%2Fcomments&post=788"}],"version-history":[{"count":17,"href":"https:\/\/dinnershow-riverboat.de\/index.php?rest_route=\/wp\/v2\/pages\/788\/revisions"}],"predecessor-version":[{"id":9963,"href":"https:\/\/dinnershow-riverboat.de\/index.php?rest_route=\/wp\/v2\/pages\/788\/revisions\/9963"}],"wp:attachment":[{"href":"https:\/\/dinnershow-riverboat.de\/index.php?rest_route=%2Fwp%2Fv2%2Fmedia&parent=788"}],"curies":[{"name":"wp","href":"https:\/\/api.w.org\/{rel}","templated":true}]}}