{"id":59,"date":"2017-03-17T13:42:08","date_gmt":"2017-03-17T12:42:08","guid":{"rendered":"http:\/\/dinnershow-riverboat.de\/?page_id=59"},"modified":"2019-04-25T13:23:03","modified_gmt":"2019-04-25T11:23:03","slug":"agb","status":"publish","type":"page","link":"https:\/\/dinnershow-riverboat.de\/?page_id=59","title":{"rendered":"AGB"},"content":{"rendered":"<p>Geltungsbereich<\/p>\n<p>F\u00fcr s\u00e4mtliche Vertr\u00e4ge und erteilten Auftr\u00e4ge betreffend die Lieferung von Tickets gelten im Verh\u00e4ltnis zu MUSICAL mobil ausschlie\u00dflich die nachfolgenden Allgemeinen Gesch\u00e4ftsbedingungen.<\/p>\n<p>Vertragsabschluss, Stornierung<\/p>\n<ol>\n<li>Das Angebot f\u00fcr einen Vertragsabschluss geht vom Kunden aus, sobald er das Feld &#8222;Jetzt kaufen&#8220; angeklickt hat. Erst mit Zuteilung und \u00dcbersendung der Transaktionsnummer durch\u00a0MUSICAL mobil\u00a0an den Kunden kommt ein Vertrag zwischen dem Kunden\u00a0zustande. Hiervon abweichend kommt bei der Zahlart Vorkasse der Vertrag mit \u00dcbersendung der Best\u00e4tigung des Eingangs der vollst\u00e4ndigen Zahlung bei MUSICAL mobil zustande.<\/li>\n<li>F\u00fcr die Richtigkeit der im Onlineauftritt von MUSICAL mobil enthaltenen Daten wird keine Gew\u00e4hr \u00fcbernommen.<\/li>\n<li>MUSICAL mobil ist berechtigt, eine Bestellung des Kunden, f\u00fcr die bereits eine Transaktionsnummer zugeteilt worden ist, zu stornieren (einseitiges R\u00fccktrittsrecht), wenn der Kunde gegen von MUSICAL mobil aufgestellte spezifische Bedingungen verst\u00f6\u00dft, auf die im Rahmen des Vorverkaufs hingewiesen wurde, oder diese zu umgehen versucht (z.B. Versto\u00df gegen Beschr\u00e4nkung der Ticketmenge pro Kunde, Versto\u00df gegen die Urkundenbedingungen, insbesondere gegen Weiterver\u00e4u\u00dferungsverbote, Umgehungsversuch durch Anmeldung und Nutzung mehrerer Nutzerprofile etc.). Die Erkl\u00e4rung der Stornierung\/des R\u00fccktritts kann auch konkludent durch Gutschrift der gezahlten Betr\u00e4ge erfolgen.<\/li>\n<li>Auf das vorbenannte R\u00fccktrittsrecht finden die \u00a7\u00a7 346 ff. BGB unter Ausschluss von \u00a7 350 BGB Anwendung.<\/li>\n<\/ol>\n<p>Widerrufsrecht und Muster-Widerrufsformular<\/p>\n<p>Ein Widerrufsrecht f\u00fcr Verbraucher besteht nicht bzw. das Widerrufsrecht f\u00fcr Verbraucher kann vorzeitig erl\u00f6schen bei folgenden Vertr\u00e4gen:<\/p>\n<p>Vertr\u00e4ge zur Erbringung von Dienstleistungen in den Bereichen Beherbergung zu anderen Zwecken als zu Wohnzwecken, Bef\u00f6rderung von Waren, Kraftfahrzeugvermietung, Lieferung von Speisen und Getr\u00e4nken sowie zur Erbringung weiterer Dienstleistungen im Zusammenhang mit Freizeitbet\u00e4tigungen, wenn der Vertrag f\u00fcr die Erbringung einen spezifischen Termin oder Zeitraum vorsieht (\u00a7 312g Abs. 2 Satz 1 Nr. 9 BGB). Das hei\u00dft, soweit MUSICAL mobil Dienstleistungen aus dem Bereich der Freizeitbet\u00e4tigung anbietet, insbesondere Eintrittskarten f\u00fcr Veranstaltungen, besteht kein Widerrufsrecht. Jede Bestellung von Eintrittskarten ist damit unmittelbar nach Best\u00e4tigung gem\u00e4\u00df II. 1. durch\u00a0MUSICAL mobil\u00a0bindend und verpflichtet zur Abnahme und Bezahlung der bestellten Karten.<\/p>\n<p>Im \u00dcbrigen gilt f\u00fcr Vertr\u00e4ge mit Verbrauchern das Folgende:<\/p>\n<p>Widerrufsbelehrung<\/p>\n<p>Widerrufsrecht<\/p>\n<p>Sie haben das Recht, binnen vierzehn Tagen ohne Angabe von Gr\u00fcnden diesen Vertrag zu widerrufen. Die Widerrufsfrist betr\u00e4gt vierzehn Tage ab dem Tag an dem Sie oder ein von Ihnen benannter Dritter, der nicht der Bef\u00f6rderer ist, die Waren in Besitz genommen haben bzw. hat. Um Ihr Widerrufsrecht auszu\u00fcben, m\u00fcssen Sie uns (MUSICAL mobil, INh. Uwe Oberth\u00fcr, Sasstr. 29, 04157 Leipzig, Tel: 0341 35122420, E-Mail: info@musical-mobil.de)\u00a0mittels einer eindeutigen Erkl\u00e4rung (z.B. ein mit der Post versandter Brief, Telefax oder E-Mail) \u00fcber Ihren Entschluss, diesen Vertrag zu widerrufen, informieren. Sie k\u00f6nnen daf\u00fcr das beigef\u00fcgte Muster-Widerrufsformular verwenden, das jedoch nicht vorgeschrieben ist.<\/p>\n<p>Zur Wahrung der Widerrufsfrist reicht es aus, dass Sie die Mitteilung \u00fcber die Aus\u00fcbung des Widerrufsrechts vor Ablauf der Widerrufsfrist absenden.<\/p>\n<p>Folgen des Widerrufs<\/p>\n<p>Wenn Sie diesen Vertrag widerrufen, haben wir Ihnen alle Zahlungen, die wir von Ihnen erhalten haben, einschlie\u00dflich der Lieferkosten (mit Ausnahme der zus\u00e4tzlichen Kosten, die sich daraus ergeben, dass Sie eine andere Art der Lieferung als die von uns angebotene, g\u00fcnstigste Standardlieferung gew\u00e4hlt haben), unverz\u00fcglich und sp\u00e4testens binnen vierzehn Tagen ab dem Tag zur\u00fcckzuzahlen, an dem die Mitteilung \u00fcber Ihren Widerruf dieses Vertrags bei uns eingegangen ist. F\u00fcr diese R\u00fcckzahlung verwenden wir dasselbe Zahlungsmittel, das Sie bei der urspr\u00fcnglichen Transaktion eingesetzt haben, es sei denn, mit Ihnen wurde ausdr\u00fccklich etwas anderes vereinbart; in keinem Fall werden Ihnen wegen dieser R\u00fcckzahlung Entgelte berechnet. Wir k\u00f6nnen die R\u00fcckzahlung verweigern, bis wir die Waren wieder zur\u00fcckerhalten haben oder bis Sie den Nachweis erbracht haben, dass Sie die Waren zur\u00fcckgesandt haben, je nachdem, welches der fr\u00fchere Zeitpunkt ist.<\/p>\n<p>Sie haben die Waren unverz\u00fcglich und in jedem Fall sp\u00e4testens binnen vierzehn Tagen ab dem Tag, an dem Sie uns \u00fcber den Widerruf dieses Vertrags unterrichten, an uns zur\u00fcckzusenden oder zu \u00fcbergeben. Die Frist ist gewahrt, wenn Sie die Waren vor Ablauf der Frist von vierzehn Tagen absenden. Sie tragen die unmittelbaren Kosten der R\u00fccksendung der Waren. Sie m\u00fcssen f\u00fcr einen etwaigen Wertverlust der Waren nur aufkommen, wenn dieser Wertverlust auf einen zur Pr\u00fcfung der Beschaffenheit, Eigenschaften und Funktionsweise der Waren nicht notwendigen Umgang mit Ihnen zur\u00fcckzuf\u00fchren ist.<\/p>\n<p>Muster-Widerrufsformular<\/p>\n<p>(Wenn Sie den Vertrag widerrufen wollen, dann f\u00fcllen Sie bitte dieses Formular aus und senden Sie es zur\u00fcck.)<\/p>\n<p>An MUSICAL mobil, Sasstr. 29, 04157 Leipzig:<\/p>\n<p>Hiermit widerrufe(n) ich\/wir (*) den von mir\/uns (*) abgeschlossenen Vertrag \u00fcber den Kauf der folgenden Waren (*)\/die Erbringung der folgenden Dienstleistung (*)<br \/>\n\u2022 Bestellt am (*)\/erhalten am (*)<br \/>\n\u2022 Name des\/der Verbraucher(s)<br \/>\n\u2022 Anschrift des\/der Verbraucher(s)<br \/>\n\u2022 Unterschrift des\/der Verbraucher(s) (nur bei Mitteilung auf Papier)<br \/>\n\u2022 Datum<br \/>\n(*) Unzutreffendes streichen.<\/p>\n<p>Ende des Widerrufsformulares<\/p>\n<p>Im Fall des Widerrufs durch den Kunden gilt: MUSICAL mobil\u00a0kann die R\u00fcckzahlung verweigern, bis\u00a0MUSICAL mobil\u00a0die Waren wieder zur\u00fcckerhalten hat oder bis der Kunde den Nachweis erbracht hat, dass er die Waren zur\u00fcckgesandt hat, je nachdem, welches der fr\u00fchere Zeitpunkt ist.<\/p>\n<p>Der Kunde hat die Waren unverz\u00fcglich und in jedem Fall sp\u00e4testens binnen vierzehn Tagen ab dem Tag, an dem er\u00a0MUSICAL mobil\u00a0\u00fcber den Widerruf dieses Vertrags unterrichten, an MUSICAL mobil zur\u00fcckzusenden oder zu \u00fcbergeben. Die Frist ist gewahrt, wenn der Kunde die Waren vor Ablauf der Frist von vierzehn Tagen absendet. Der Kunde tr\u00e4gt die unmittelbaren Kosten der R\u00fccksendung der Waren. Der Kunde muss f\u00fcr einen etwaigen Wertverlust der Waren aufkommen, wenn dieser Wertverlust auf einen zur Pr\u00fcfung der Beschaffenheit, Eigenschaften und Funktionsweise der Waren nicht notwendigen Umgang mit ihnen zur\u00fcckzuf\u00fchren ist.<\/p>\n<p>Eigentumsvorbehalt; Aufrechnung; Zur\u00fcckbehaltungsrecht beim Rechnungskauf<\/p>\n<div>\n<ol>\n<li>Bei einem Verbraucher beh\u00e4lt MUSICAL mobil sich das Eigentum an der Kaufsache bis zur vollst\u00e4ndigen Zahlung des Rechnungsbetrags vor. Bei personalisierten Tickets steht die \u00dcbertragung des sich aus dem Ticket ergebenden Anspruchs unter der Bedingung der vollst\u00e4ndigen Zahlung des Rechnungsbetrags. Die entsprechenden Sicherungsrechte sind auf Dritte \u00fcbertragbar.<\/li>\n<li>Ist der Kunde Unternehmer in Aus\u00fcbung seiner gewerblichen oder selbst\u00e4ndigen beruflichen T\u00e4tigkeit, eine juristische Person des \u00f6ffentlichen Rechts oder \u00f6ffentlich-rechtliches Sonderverm\u00f6gen, beh\u00e4lt\u00a0MUSICAL mobil sich das Eigentum an der Kaufsache bis zum Ausgleich aller noch offenen Forderungen aus der Gesch\u00e4ftsverbindung mit dem Kunden vor. Bei personalisierten Tickets steht die \u00dcbertragung des sich aus dem Ticket ergebenden Anspruchs unter der Bedingung des Ausgleichs aller noch offenen Forderungen aus der Gesch\u00e4ftsverbindung mit dem Kunden. Die entsprechenden Sicherungsrechte sind auf Dritte \u00fcbertragbar.<\/li>\n<li>Ein Recht zur Aufrechnung steht dem Kunden nur zu, wenn dessen Gegenanspr\u00fcche rechtskr\u00e4ftig festgestellt oder von MUSICAL mobil unbestritten oder anerkannt sind. Au\u00dferdem hat der Kunde ein Zur\u00fcckbehaltungsrecht nur, wenn und soweit dessen Gegenanspruch auf dem gleichen Vertragsverh\u00e4ltnis beruht.<\/li>\n<li>Befindet sich der Kunde gegen\u00fcber MUSICAL mobil mit irgendwelchen Zahlungsverpflichtungen im Verzug, so werden s\u00e4mtliche bestehende Forderungen sofort f\u00e4llig.<\/li>\n<\/ol>\n<p>Haftungsbeschr\u00e4nkungen, Ausschluss des R\u00fccktritts bei bestimmten Pflichtverletzungen<\/p>\n<ol>\n<li>MUSICAL mobil haftet in jedem Fall unbeschr\u00e4nkt nach dem Produkthaftungsgesetz, f\u00fcr vors\u00e4tzlich oder grob fahrl\u00e4ssig verursachte Sch\u00e4den, bei arglistigem Verschweigen von M\u00e4ngeln, sowie f\u00fcr Sch\u00e4den aus der Verletzung des Lebens, des K\u00f6rpers oder der Gesundheit. Auch die Haftung f\u00fcr Sch\u00e4den aus der Verletzung einer Garantie ist unbeschr\u00e4nkt.<\/li>\n<li>Bei Verletzung wesentlicher Vertragspflichten (sog. Kardinalpflichten), die nur auf einfacher Fahrl\u00e4ssigkeit beruht, haftet MUSICAL mobil beschr\u00e4nkt auf den Ersatz des vorhersehbaren, vertragstypischen Schadens.<\/li>\n<li>Au\u00dfer in den in den Abs\u00e4tzen 1 und 2 genannten F\u00e4llen haftet MUSICAL mobil nicht f\u00fcr Sch\u00e4den, die durch einfache Fahrl\u00e4ssigkeit verursacht wurden.<\/li>\n<li>Das Recht des Kunden, sich wegen einer nicht von MUSICAL mobil zu vertretenden, nicht in einem Mangel der Ware bestehenden Pflichtverletzung vom Vertrag zu l\u00f6sen, ist ausgeschlossen.<\/li>\n<li>Soweit die Haftung von MUSICAL mobil nach den vorstehenden Abs\u00e4tzen ausgeschlossen oder beschr\u00e4nkt ist, gilt dies auch f\u00fcr die Haftung ihrer Erf\u00fcllungs- und Verrichtungsgehilfen.<\/li>\n<\/ol>\n<p>Schlussklauseln<\/p>\n<ol>\n<li>Es gilt ausschlie\u00dflich das Recht der Bundesrepublik Deutschland. Unabh\u00e4ngig von der vorstehenden Regelung zur Rechtswahl k\u00f6nnen sich Verbraucher mit gew\u00f6hnlichem Aufenthalt au\u00dferhalb der Bundesrepublik Deutschland stets auch auf das Recht des Staates berufen, in dem sie ihren Wohnsitz haben.<\/li>\n<li>Alleiniger Erf\u00fcllungsort f\u00fcr Lieferung, Leistung und Zahlung ist Leipzig, sofern der Kunde Unternehmer i.S.v. \u00a7 14 BGB ist.<\/li>\n<li>Ist der Kunde Kaufmann, so ist ausschlie\u00dflicher (auch internationaler) Gerichtsstand f\u00fcr alle sich aus dem Vertragsverh\u00e4ltnis unmittelbar oder mittelbar ergebenen Streitigkeiten Leipzig. Dies gilt im Falle von grenz\u00fcberschreitenden Vertr\u00e4gen auch f\u00fcr Nichtkaufleute. MUSICAL mobil beh\u00e4lt sich das Recht vor, auch jedes andere international zust\u00e4ndige Gericht anzurufen.<\/li>\n<li>Die Europ\u00e4ische Kommission stellt ab dem 15.02.2016 <a href=\"http:\/\/ec.europa.eu\/consumers\/odr\"><span style=\"color: #0066cc;\">hier<\/span><\/a> eine Plattform zur Online-Streitbeilegung bereit. Unsere E-Mailadresse lautet: info@musical-mobil.de.<\/li>\n<\/ol>\n<p>Stand: 01.04.2019<\/p>\n<\/div>\n[gzd_complaints]\n","protected":false},"excerpt":{"rendered":"<p>Geltungsbereich F\u00fcr s\u00e4mtliche Vertr\u00e4ge und erteilten Auftr\u00e4ge betreffend die Lieferung von Tickets gelten im Verh\u00e4ltnis zu MUSICAL mobil ausschlie\u00dflich die nachfolgenden Allgemeinen Gesch\u00e4ftsbedingungen. Vertragsabschluss, Stornierung Das Angebot f\u00fcr einen Vertragsabschluss geht vom Kunden aus, sobald er das Feld &#8222;Jetzt kaufen&#8220; angeklickt hat. Erst mit Zuteilung und \u00dcbersendung der Transaktionsnummer durch\u00a0MUSICAL\u2026<\/p>\n<p> <a class=\"continue-reading-link\" href=\"https:\/\/dinnershow-riverboat.de\/?page_id=59\"><span>Continue reading<\/span><i class=\"crycon-right-dir\"><\/i><\/a> <\/p>\n","protected":false},"author":1,"featured_media":0,"parent":0,"menu_order":0,"comment_status":"closed","ping_status":"closed","template":"","meta":[],"publishpress_future_action":{"enabled":false,"date":"2026-05-06 15:31:13","action":"change-status","newStatus":"draft","terms":[],"taxonomy":""},"_links":{"self":[{"href":"https:\/\/dinnershow-riverboat.de\/index.php?rest_route=\/wp\/v2\/pages\/59"}],"collection":[{"href":"https:\/\/dinnershow-riverboat.de\/index.php?rest_route=\/wp\/v2\/pages"}],"about":[{"href":"https:\/\/dinnershow-riverboat.de\/index.php?rest_route=\/wp\/v2\/types\/page"}],"author":[{"embeddable":true,"href":"https:\/\/dinnershow-riverboat.de\/index.php?rest_route=\/wp\/v2\/users\/1"}],"replies":[{"embeddable":true,"href":"https:\/\/dinnershow-riverboat.de\/index.php?rest_route=%2Fwp%2Fv2%2Fcomments&post=59"}],"version-history":[{"count":0,"href":"https:\/\/dinnershow-riverboat.de\/index.php?rest_route=\/wp\/v2\/pages\/59\/revisions"}],"wp:attachment":[{"href":"https:\/\/dinnershow-riverboat.de\/index.php?rest_route=%2Fwp%2Fv2%2Fmedia&parent=59"}],"curies":[{"name":"wp","href":"https:\/\/api.w.org\/{rel}","templated":true}]}}