{"id":58,"date":"2017-03-17T13:42:07","date_gmt":"2017-03-17T12:42:07","guid":{"rendered":"http:\/\/dinnershow-riverboat.de\/?page_id=58"},"modified":"2025-03-28T09:54:44","modified_gmt":"2025-03-28T08:54:44","slug":"impressum","status":"publish","type":"page","link":"https:\/\/dinnershow-riverboat.de\/?page_id=58","title":{"rendered":"Impressum"},"content":{"rendered":"<p>Riverboat Leipzig GmbH<br \/>\nGF Uwe Oberth\u00fcr<br \/>\nErich-Zeigner-Allee 45<br \/>\n04229 Leipzig<\/p>\n<p>0341 1247301<br \/>\ninfo(at)riverboat-leipzig(punkt)de<\/p>\n<p>Verantwortlich f\u00fcr den Inhalt: Uwe Oberth\u00fcr<\/p>\n<p>Haftungsausschluss<\/p>\n<p>Informationen auf dieser Webseite werden regelm\u00e4\u00dfig gepr\u00fcft und aktualisiert. Trotz Sorgfalt k\u00f6nnen sich Daten ver\u00e4ndert haben. Eine Haftung oder Garantie f\u00fcr die Aktualit\u00e4t, Richtigkeit und Vollst\u00e4ndigkeit der zur Verf\u00fcgung gestellten Informationen kann nicht \u00fcbernommen werden. F\u00fcr die Inhalte externer Links wird keine Verantwortung \u00fcbernommen. F\u00fcr den Inhalt der verlinkten Seiten sind ausschlie\u00dflich deren Betreiber verantwortlich.<\/p>\n<p>Vervielf\u00e4ltigung<\/p>\n<p>Textinhalte, Daten, Programme oder Grafiken dieser Seiten d\u00fcrfen f\u00fcr nicht kommerzielle, private oder ausbildungsbezogene Zwecke nachgedruckt, vervielf\u00e4ltigt oder anderweitig verwendet werden. Dies gilt unter der Voraussetzung, dass die Informationen nicht modifiziert werden und der Hinweis auf unser Urheberrecht auf jeder Kopie erscheint. F\u00fcr eine anderweitige Nutzung muss eine vorherige schriftliche Zustimmung von uns eingeholt werden.<\/p>\n<p>Beschwerdeverfahren<\/p>\n[gzd_complaints]\n","protected":false},"excerpt":{"rendered":"<p>Riverboat Leipzig GmbH GF Uwe Oberth\u00fcr Erich-Zeigner-Allee 45 04229 Leipzig 0341 1247301 info(at)riverboat-leipzig(punkt)de Verantwortlich f\u00fcr den Inhalt: Uwe Oberth\u00fcr Haftungsausschluss Informationen auf dieser Webseite werden regelm\u00e4\u00dfig gepr\u00fcft und aktualisiert. Trotz Sorgfalt k\u00f6nnen sich Daten ver\u00e4ndert haben. Eine Haftung oder Garantie f\u00fcr die Aktualit\u00e4t, Richtigkeit und Vollst\u00e4ndigkeit der zur Verf\u00fcgung gestellten\u2026<\/p>\n<p> <a class=\"continue-reading-link\" href=\"https:\/\/dinnershow-riverboat.de\/?page_id=58\"><span>Continue reading<\/span><i class=\"crycon-right-dir\"><\/i><\/a> <\/p>\n","protected":false},"author":1,"featured_media":0,"parent":0,"menu_order":0,"comment_status":"closed","ping_status":"closed","template":"","meta":[],"publishpress_future_action":{"enabled":false,"date":"2026-05-06 15:33:19","action":"change-status","newStatus":"draft","terms":[],"taxonomy":""},"_links":{"self":[{"href":"https:\/\/dinnershow-riverboat.de\/index.php?rest_route=\/wp\/v2\/pages\/58"}],"collection":[{"href":"https:\/\/dinnershow-riverboat.de\/index.php?rest_route=\/wp\/v2\/pages"}],"about":[{"href":"https:\/\/dinnershow-riverboat.de\/index.php?rest_route=\/wp\/v2\/types\/page"}],"author":[{"embeddable":true,"href":"https:\/\/dinnershow-riverboat.de\/index.php?rest_route=\/wp\/v2\/users\/1"}],"replies":[{"embeddable":true,"href":"https:\/\/dinnershow-riverboat.de\/index.php?rest_route=%2Fwp%2Fv2%2Fcomments&post=58"}],"version-history":[{"count":3,"href":"https:\/\/dinnershow-riverboat.de\/index.php?rest_route=\/wp\/v2\/pages\/58\/revisions"}],"predecessor-version":[{"id":9955,"href":"https:\/\/dinnershow-riverboat.de\/index.php?rest_route=\/wp\/v2\/pages\/58\/revisions\/9955"}],"wp:attachment":[{"href":"https:\/\/dinnershow-riverboat.de\/index.php?rest_route=%2Fwp%2Fv2%2Fmedia&parent=58"}],"curies":[{"name":"wp","href":"https:\/\/api.w.org\/{rel}","templated":true}]}}