{"id":47,"date":"2017-03-17T13:12:00","date_gmt":"2017-03-17T12:12:00","guid":{"rendered":"http:\/\/dinnershow-riverboat.de\/?page_id=47"},"modified":"2025-09-29T13:50:40","modified_gmt":"2025-09-29T11:50:40","slug":"die-akteure-des-theaters-musical-mobil","status":"publish","type":"page","link":"https:\/\/dinnershow-riverboat.de\/?page_id=47","title":{"rendered":"Die Akteure des Theaters MUSICAL mobil"},"content":{"rendered":"<p><img decoding=\"async\" loading=\"lazy\" class=\"alignnone size-full wp-image-564\" title=\"\" src=\"http:\/\/dinnershow-riverboat.de\/wp-content\/uploads\/2018\/02\/content1.jpg\" alt=\"\" width=\"100%\" height=\"\" srcset=\"https:\/\/dinnershow-riverboat.de\/wp-content\/uploads\/2018\/02\/content1.jpg 984w, https:\/\/dinnershow-riverboat.de\/wp-content\/uploads\/2018\/02\/content1-300x102.jpg 300w, https:\/\/dinnershow-riverboat.de\/wp-content\/uploads\/2018\/02\/content1-768x260.jpg 768w, https:\/\/dinnershow-riverboat.de\/wp-content\/uploads\/2018\/02\/content1-150x51.jpg 150w\" sizes=\"(max-width: 984px) 100vw, 984px\" \/><\/p>\n<p>MUSICAL mobil wurde 2006 gegr\u00fcndet und ist seither im gesamten deutschsprachigen Raum mit exklusiven Programmen in Theatern, Kultur- und B\u00fcrgerh\u00e4usern, Stadthallen, Schulen und bei Stadtfesten und Vereinen zu erleben. Die Wurzeln der Mitglieder sind vielf\u00e4ltig. Aus Hamburg, Weimar, Berlin, Leipzig und \u00d6sterreich trafen sich S\u00e4ngerinnen und S\u00e4nger in Leipzig und formen ein homogenes Ensemble.<\/p>\n<p>Seit 2013 treten die Akteure im Riverboat Kulturhafen mit ihrer Musical-Dinnershow auf. Die Gruppe pr\u00e4sentiert dabei gehobene Unterhaltung und begeistert mit wunderbaren Melodien. Erg\u00e4nzt wird das Erlebnis durch aufw\u00e4ndige Kost\u00fcme und Effekte. Zu den Musical-Dinner-Veranstaltungen im Riverboat erleben Sie j\u00e4hrlich wechselnde Besetzungen.<\/p>\n<p>Mehr \u00fcber das Theater erfahren Sie auf: <a href=\"http:\/\/www.musical-mobil.de\" target=\"_blank\" rel=\"noopener noreferrer\">www.musical-mobil.de<\/a><\/p>\n","protected":false},"excerpt":{"rendered":"<p>MUSICAL mobil wurde 2006 gegr\u00fcndet und ist seither im gesamten deutschsprachigen Raum mit exklusiven Programmen in Theatern, Kultur- und B\u00fcrgerh\u00e4usern, Stadthallen, Schulen und bei Stadtfesten und Vereinen zu erleben. Die Wurzeln der Mitglieder sind vielf\u00e4ltig. Aus Hamburg, Weimar, Berlin, Leipzig und \u00d6sterreich trafen sich S\u00e4ngerinnen und S\u00e4nger in Leipzig und\u2026<\/p>\n<p> <a class=\"continue-reading-link\" href=\"https:\/\/dinnershow-riverboat.de\/?page_id=47\"><span>Continue reading<\/span><i class=\"crycon-right-dir\"><\/i><\/a> <\/p>\n","protected":false},"author":1,"featured_media":0,"parent":0,"menu_order":0,"comment_status":"closed","ping_status":"open","template":"templates\/template-onecolumn.php","meta":[],"publishpress_future_action":{"enabled":false,"date":"2026-05-08 10:55:22","action":"change-status","newStatus":"draft","terms":[],"taxonomy":""},"_links":{"self":[{"href":"https:\/\/dinnershow-riverboat.de\/index.php?rest_route=\/wp\/v2\/pages\/47"}],"collection":[{"href":"https:\/\/dinnershow-riverboat.de\/index.php?rest_route=\/wp\/v2\/pages"}],"about":[{"href":"https:\/\/dinnershow-riverboat.de\/index.php?rest_route=\/wp\/v2\/types\/page"}],"author":[{"embeddable":true,"href":"https:\/\/dinnershow-riverboat.de\/index.php?rest_route=\/wp\/v2\/users\/1"}],"replies":[{"embeddable":true,"href":"https:\/\/dinnershow-riverboat.de\/index.php?rest_route=%2Fwp%2Fv2%2Fcomments&post=47"}],"version-history":[{"count":6,"href":"https:\/\/dinnershow-riverboat.de\/index.php?rest_route=\/wp\/v2\/pages\/47\/revisions"}],"predecessor-version":[{"id":9958,"href":"https:\/\/dinnershow-riverboat.de\/index.php?rest_route=\/wp\/v2\/pages\/47\/revisions\/9958"}],"wp:attachment":[{"href":"https:\/\/dinnershow-riverboat.de\/index.php?rest_route=%2Fwp%2Fv2%2Fmedia&parent=47"}],"curies":[{"name":"wp","href":"https:\/\/api.w.org\/{rel}","templated":true}]}}